{"id":102,"date":"2015-07-25T10:23:11","date_gmt":"2015-07-25T10:23:11","guid":{"rendered":"http:\/\/hamusic.nl\/?page_id=102"},"modified":"2023-12-02T12:41:05","modified_gmt":"2023-12-02T12:41:05","slug":"muziek","status":"publish","type":"page","link":"http:\/\/hamusic.nl\/?page_id=102","title":{"rendered":"Muziek"},"content":{"rendered":"\n<figure class=\"wp-block-image alignleft size-full\"><img decoding=\"async\" width=\"156\" height=\"162\" src=\"http:\/\/hamusic.nl\/wp-content\/uploads\/2015\/07\/Er-was-eens_voorkant.jpg\" alt=\"\" class=\"wp-image-453\"\/><\/figure>\n\n\n\n<p class=\"has-text-align-left\">Hieronder <em>fragmenten<\/em> van de liedjes die op de <strong>CD&nbsp; &#8216;Er was eens&#8230;..&#8217;<\/strong> staan, 10 liedjes, duur: 50 minuten. De CD kost \u20ac10,-&nbsp; en is te koop tijdens optredens of te bestellen via &#8216;<strong>contact<\/strong>&#8216;.<br>Afhalen of verzenden&nbsp; (kosten:&nbsp; \u20ac10&nbsp; +&nbsp; \u20ac2,50 verzendkosten).<\/p>\n\n\n\n<p class=\"has-text-align-left\"><br>.<br><code><div class=\"compact_audio_player_wrapper\"><div class=\"sc_player_container1\"><input type=\"button\" id=\"btnplay_69df1804eff975.65043252\" class=\"myButton_play\" onClick=\"play_mp3('play','69df1804eff975.65043252','http:\/\/hamusic.nl\/wp-content\/uploads\/2015\/07\/Er-was-eens-gedeelte.mp3','80','false');show_hide('play','69df1804eff975.65043252');\" \/><input type=\"button\"  id=\"btnstop_69df1804eff975.65043252\" style=\"display:none\" class=\"myButton_stop\" onClick=\"play_mp3('stop','69df1804eff975.65043252','','80','false');show_hide('stop','69df1804eff975.65043252');\" \/><div id=\"sm2-container\"><!-- flash movie ends up here --><\/div><\/div><\/div>\u00a0\u00a0 Er was eens......<br> <div class=\"compact_audio_player_wrapper\"><div class=\"sc_player_container1\"><input type=\"button\" id=\"btnplay_69df1804f3dcd4.24612178\" class=\"myButton_play\" onClick=\"play_mp3('play','69df1804f3dcd4.24612178','http:\/\/hamusic.nl\/wp-content\/uploads\/2015\/07\/Dames-voor-een-nacht-gedeelte.mp3','80','false');show_hide('play','69df1804f3dcd4.24612178');\" \/><input type=\"button\"  id=\"btnstop_69df1804f3dcd4.24612178\" style=\"display:none\" class=\"myButton_stop\" onClick=\"play_mp3('stop','69df1804f3dcd4.24612178','','80','false');show_hide('stop','69df1804f3dcd4.24612178');\" \/><div id=\"sm2-container\"><!-- flash movie ends up here --><\/div><\/div><\/div>\u00a0\u00a0 Dames voor \u00e9\u00e9n nacht<br> <div class=\"compact_audio_player_wrapper\"><div class=\"sc_player_container1\"><input type=\"button\" id=\"btnplay_69df180501bb50.21452732\" class=\"myButton_play\" onClick=\"play_mp3('play','69df180501bb50.21452732','http:\/\/hamusic.nl\/wp-content\/uploads\/2015\/07\/Kraanvogel-gedeelte.mp3','80','false');show_hide('play','69df180501bb50.21452732');\" \/><input type=\"button\"  id=\"btnstop_69df180501bb50.21452732\" style=\"display:none\" class=\"myButton_stop\" onClick=\"play_mp3('stop','69df180501bb50.21452732','','80','false');show_hide('stop','69df180501bb50.21452732');\" \/><div id=\"sm2-container\"><!-- flash movie ends up here --><\/div><\/div><\/div>\u00a0\u00a0 Kraanvogel<br> <div class=\"compact_audio_player_wrapper\"><div class=\"sc_player_container1\"><input type=\"button\" id=\"btnplay_69df180503a2a1.58904358\" class=\"myButton_play\" onClick=\"play_mp3('play','69df180503a2a1.58904358','http:\/\/hamusic.nl\/wp-content\/uploads\/2015\/07\/Ik-denk-aan-jou-gedeelte.mp3','80','false');show_hide('play','69df180503a2a1.58904358');\" \/><input type=\"button\"  id=\"btnstop_69df180503a2a1.58904358\" style=\"display:none\" class=\"myButton_stop\" onClick=\"play_mp3('stop','69df180503a2a1.58904358','','80','false');show_hide('stop','69df180503a2a1.58904358');\" \/><div id=\"sm2-container\"><!-- flash movie ends up here --><\/div><\/div><\/div>\u00a0\u00a0 Ik denk aan jou<br> <div class=\"compact_audio_player_wrapper\"><div class=\"sc_player_container1\"><input type=\"button\" id=\"btnplay_69df1805055c44.29074899\" class=\"myButton_play\" onClick=\"play_mp3('play','69df1805055c44.29074899','http:\/\/hamusic.nl\/wp-content\/uploads\/2015\/07\/Ik-schud-mijn-gedachten-gedeelte.mp3','80','false');show_hide('play','69df1805055c44.29074899');\" \/><input type=\"button\"  id=\"btnstop_69df1805055c44.29074899\" style=\"display:none\" class=\"myButton_stop\" onClick=\"play_mp3('stop','69df1805055c44.29074899','','80','false');show_hide('stop','69df1805055c44.29074899');\" \/><div id=\"sm2-container\"><!-- flash movie ends up here --><\/div><\/div><\/div>\u00a0\u00a0 Ik schud mijn gedachten<br> <div class=\"compact_audio_player_wrapper\"><div class=\"sc_player_container1\"><input type=\"button\" id=\"btnplay_69df1805076144.77213470\" class=\"myButton_play\" onClick=\"play_mp3('play','69df1805076144.77213470','http:\/\/hamusic.nl\/wp-content\/uploads\/2015\/07\/Lac-du-Salagou-gedeelte.mp3','80','false');show_hide('play','69df1805076144.77213470');\" \/><input type=\"button\"  id=\"btnstop_69df1805076144.77213470\" style=\"display:none\" class=\"myButton_stop\" onClick=\"play_mp3('stop','69df1805076144.77213470','','80','false');show_hide('stop','69df1805076144.77213470');\" \/><div id=\"sm2-container\"><!-- flash movie ends up here --><\/div><\/div><\/div>\u00a0\u00a0 Lac du Salagou<br> <div class=\"compact_audio_player_wrapper\"><div class=\"sc_player_container1\"><input type=\"button\" id=\"btnplay_69df1805095469.60818336\" class=\"myButton_play\" onClick=\"play_mp3('play','69df1805095469.60818336','http:\/\/hamusic.nl\/wp-content\/uploads\/2015\/07\/De-groene-dame-bij-de-zee-gedeelte.mp3','80','false');show_hide('play','69df1805095469.60818336');\" \/><input type=\"button\"  id=\"btnstop_69df1805095469.60818336\" style=\"display:none\" class=\"myButton_stop\" onClick=\"play_mp3('stop','69df1805095469.60818336','','80','false');show_hide('stop','69df1805095469.60818336');\" \/><div id=\"sm2-container\"><!-- flash movie ends up here --><\/div><\/div><\/div>\u00a0\u00a0 De groene dame bij de zee<br> <div class=\"compact_audio_player_wrapper\"><div class=\"sc_player_container1\"><input type=\"button\" id=\"btnplay_69df18050b82c4.13860405\" class=\"myButton_play\" onClick=\"play_mp3('play','69df18050b82c4.13860405','http:\/\/hamusic.nl\/wp-content\/uploads\/2015\/07\/Mijn-eenzaamheid-gedeelte.mp3','80','false');show_hide('play','69df18050b82c4.13860405');\" \/><input type=\"button\"  id=\"btnstop_69df18050b82c4.13860405\" style=\"display:none\" class=\"myButton_stop\" onClick=\"play_mp3('stop','69df18050b82c4.13860405','','80','false');show_hide('stop','69df18050b82c4.13860405');\" \/><div id=\"sm2-container\"><!-- flash movie ends up here --><\/div><\/div><\/div>\u00a0\u00a0 Mijn eenzaamheid<br> <div class=\"compact_audio_player_wrapper\"><div class=\"sc_player_container1\"><input type=\"button\" id=\"btnplay_69df18050d3895.85599186\" class=\"myButton_play\" onClick=\"play_mp3('play','69df18050d3895.85599186','http:\/\/hamusic.nl\/wp-content\/uploads\/2015\/07\/Nacht-gedeelte.mp3','80','false');show_hide('play','69df18050d3895.85599186');\" \/><input type=\"button\"  id=\"btnstop_69df18050d3895.85599186\" style=\"display:none\" class=\"myButton_stop\" onClick=\"play_mp3('stop','69df18050d3895.85599186','','80','false');show_hide('stop','69df18050d3895.85599186');\" \/><div id=\"sm2-container\"><!-- flash movie ends up here --><\/div><\/div><\/div>\u00a0\u00a0 Nacht<br> <div class=\"compact_audio_player_wrapper\"><div class=\"sc_player_container1\"><input type=\"button\" id=\"btnplay_69df18050eb782.52592251\" class=\"myButton_play\" onClick=\"play_mp3('play','69df18050eb782.52592251','http:\/\/hamusic.nl\/wp-content\/uploads\/2015\/07\/Verdun-1916-gedeelte.mp3','80','false');show_hide('play','69df18050eb782.52592251');\" \/><input type=\"button\"  id=\"btnstop_69df18050eb782.52592251\" style=\"display:none\" class=\"myButton_stop\" onClick=\"play_mp3('stop','69df18050eb782.52592251','','80','false');show_hide('stop','69df18050eb782.52592251');\" \/><div id=\"sm2-container\"><!-- flash movie ends up here --><\/div><\/div><\/div>\u00a0\u00a0 Verdun 1916<\/code><\/p>\n\n\n\n<p><\/p>\n\n\n<a onclick=\"wpex_toggle(577576975, 'Er was eens.....', 'Er was eens.....'); return false;\" class=\"wpex-link\" id=\"wpexlink577576975\" href=\"#\">Er was eens.....<\/a><div class=\"wpex_div\" id=\"wpex577576975\" style=\"display: none;\">\n<\/code>&#8216;Er was eens&#8230;..&#8217; gaat over mijn 92-jarige moeder, die aan het dementeren is. In de tekst komen situaties voor die ik tijdens haar proces heb meegemaakt.<br \/>\nTekst en muziek: Hans Hamers<br \/>\nHans Hamers: gitaar en zang<br \/>\nMarcel Grotens: nyckelharpa<br \/>\n<code><\/div>\n\n\n\n<p><\/p>\n\n\n<a onclick=\"wpex_toggle(1644175562, 'Dames voor \u00e9\u00e9n nacht', 'Dames voor \u00e9\u00e9n nacht'); return false;\" class=\"wpex-link\" id=\"wpexlink1644175562\" href=\"#\">Dames voor \u00e9\u00e9n nacht<\/a><div class=\"wpex_div\" id=\"wpex1644175562\" style=\"display: none;\">\n<\/code>De tekst schreef ik nadat we een weekeinde in Parijs geweest waren. Rijdend door het Bois de Boulogne viel het ons op dat er al vanaf het einde van de middag prostituees langs de weg stonden.<br \/>\nTekst en muziek: Hans Hamers<br \/>\nHans Hamers: gitaar, zang<br \/>\nMarcel Grotens: nyckelharpa<code><br \/>\n<\/div>\n\n\n\n<p><\/p>\n\n\n<a onclick=\"wpex_toggle(1080228312, 'Kraanvogel', 'Kraanvogel'); return false;\" class=\"wpex-link\" id=\"wpexlink1080228312\" href=\"#\">Kraanvogel<\/a><div class=\"wpex_div\" id=\"wpex1080228312\" style=\"display: none;\">\n<\/code>Je zit in Amsterdam in een restaurantje en er komt een jongedame om de bestelling op te nemen. Ze buigt voorover en haar paarse T-shirt valt enigzins open. Daardoor werd een gekleurde tattoo zichtbaar van een opvliegende kraanvogel. Tot zover de waarneming en de rest is verzonnen. Het refrein heb ik ter plaatse achter op een bierviltje geschreven.<br \/>\nTekst en muziek: Hans Hamers<br \/>\nHans Hamers: gitaar, zang<br \/>\nMarcel Grotens: nyckelharpa<br \/>\nTon van Nispen: brushes<br \/>\n<code><code><\/div>\n\n\n\n<p><\/p>\n\n\n<a onclick=\"wpex_toggle(2069287963, 'Ik denk aan jou', 'Ik denk aan jou'); return false;\" class=\"wpex-link\" id=\"wpexlink2069287963\" href=\"#\">Ik denk aan jou<\/a><div class=\"wpex_div\" id=\"wpex2069287963\" style=\"display: none;\">\n<\/code>Een liedje met overpeinzingen.<br \/>\nTekst en muziek: Hans Hamers<br \/>\nHans Hamers: gitaar, zang<br \/>\nMarcel Grotens: nyckelharpa<br \/>\nJo Houben: percussie<br \/>\nMirjam Hillege: zang<br \/>\n<code><code><code><\/div>\n\n\n\n<p><\/p>\n\n\n<a onclick=\"wpex_toggle(629284147, 'Ik schud mijn gedachten', 'Ik schud mijn gedachten'); return false;\" class=\"wpex-link\" id=\"wpexlink629284147\" href=\"#\">Ik schud mijn gedachten<\/a><div class=\"wpex_div\" id=\"wpex629284147\" style=\"display: none;\">\n<\/code>Zomaar een lief liedje over wat er met je kan gebeuren als je plotseling getroffen wordt door......<br \/>\nTekst en muziek: Hans Hamers<br \/>\nHans Hamers: gitaar, zang<br \/>\nMarcel Grotens: nyckelharpa<br \/>\nJo Houben: percussie<br \/>\n<code><\/div>\n\n\n\n<p><\/p>\n\n\n<a onclick=\"wpex_toggle(1998650989, 'Lac du Salagou', 'Lac du Salagou'); return false;\" class=\"wpex-link\" id=\"wpexlink1998650989\" href=\"#\">Lac du Salagou<\/a><div class=\"wpex_div\" id=\"wpex1998650989\" style=\"display: none;\">\n<\/code>De zon, die met zijn roodgouden gloed boven het meer opkwam, en het ontwakende leven, inspireerden mij tot dit lied.<br \/>\nTekst en muziek: Hans Hamers<br \/>\nHans Hamers: zang, gitaar<br \/>\nMarcel Grotens: nyckelharpa<br \/>\nJo Houben: percussie<br \/>\nTon van Nispen: percussie<br \/>\n<code><code><\/div>\n\n\n\n<p><code><\/code><\/p>\n\n\n<a onclick=\"wpex_toggle(1164718905, 'De groene dame bij de zee', 'De groene dame bij de zee'); return false;\" class=\"wpex-link\" id=\"wpexlink1164718905\" href=\"#\">De groene dame bij de zee<\/a><div class=\"wpex_div\" id=\"wpex1164718905\" style=\"display: none;\">\n<\/code>Bretagne is \u00e9\u00e9n van de gebieden waar de Keltische cultuur nog levend is. Er bestaan veel mythen en sagen waarin elfen en nimfen een rol spelen en dwalend langs de rotskusten kun je je daar van alles bij voorstellen. Dat heb ik ook maar gedaan en kwam zo tot dit lied.<br \/>\nTekst en muziek: Hans Hamers<br \/>\nHans Hamers: gitaar, zang, mondharmonica<br \/>\nMarcel Grotens: nyckelharpa<br \/>\nJo Houben: percussie<br \/>\n<code><\/div>\n\n\n\n<p><code><\/code><\/p>\n\n\n<a onclick=\"wpex_toggle(1717175392, 'Mijn eenzaamheid', 'Mijn eenzaamheid'); return false;\" class=\"wpex-link\" id=\"wpexlink1717175392\" href=\"#\">Mijn eenzaamheid<\/a><div class=\"wpex_div\" id=\"wpex1717175392\" style=\"display: none;\">\n<\/code>Een Nederlandse bewerking van 'Ma solitude' van George Moustaki.<br \/>\nMuziek: George Moustaki<br \/>\nTekst: Hans Hamers<br \/>\nHans Hamers: gitaar, zang<br \/>\n<code><\/div>\n\n\n\n<p><code><\/code><\/p>\n\n\n<a onclick=\"wpex_toggle(945208625, 'Nacht', 'Nacht'); return false;\" class=\"wpex-link\" id=\"wpexlink945208625\" href=\"#\">Nacht<\/a><div class=\"wpex_div\" id=\"wpex945208625\" style=\"display: none;\">\n<\/code>Dit lied gaat helemaal terug naar mijn studententijd in de 70-er jaren.<br \/>\nTekst en muziek: Hans Hamers<br \/>\nHans Hamers: gitaar, zang<br \/>\nMarcel Grotens: nyckelharpa<br \/>\n<code><\/div>\n\n\n\n<p><code><\/code><\/p>\n\n\n<a onclick=\"wpex_toggle(1907126639, 'Verdun 1916', 'Verdun 1916'); return false;\" class=\"wpex-link\" id=\"wpexlink1907126639\" href=\"#\">Verdun 1916<\/a><div class=\"wpex_div\" id=\"wpex1907126639\" style=\"display: none;\">\n<\/code>Dit lied heb ik in de zomer van 2007 geschreven, na een bezoek aan de voormalige slagvelden uit de 1e wereldoorlog rond Verdun, in Noord-Frankrijk. In een half jaar tijd sneuvelden hier ruim een half miljoen soldaten. Het is een protest tegen de waanzin van oorlog.<br \/>\nTekst en muziek: Hans Hamers<br \/>\nHans Hamers: gitaar, zang, mondharmonica<br \/>\nMarcel Grotens: borderpipes<br \/>\n<code><\/div>\n","protected":false},"excerpt":{"rendered":"<p>Hieronder fragmenten van de liedjes die op de CD&nbsp; &#8216;Er was eens&#8230;..&#8217; staan, 10 liedjes, duur: 50 minuten. De CD kost \u20ac10,-&nbsp; en is te koop tijdens optredens of te bestellen via &#8216;contact&#8216;.Afhalen of verzenden&nbsp; (kosten:&nbsp; \u20ac10&nbsp; +&nbsp; \u20ac2,50 verzendkosten). .\u00a0\u00a0 Er was eens&#8230;&#8230; \u00a0\u00a0 Dames voor \u00e9\u00e9n nacht \u00a0\u00a0 Kraanvogel \u00a0\u00a0 Ik denk aan [&hellip;]<\/p>\n","protected":false},"author":1,"featured_media":0,"parent":0,"menu_order":4,"comment_status":"closed","ping_status":"closed","template":"","meta":{"_exactmetrics_skip_tracking":false,"_exactmetrics_sitenote_active":false,"_exactmetrics_sitenote_note":"","_exactmetrics_sitenote_category":0,"ngg_post_thumbnail":0,"footnotes":"","_links_to":"","_links_to_target":""},"class_list":["post-102","page","type-page","status-publish","hentry"],"_links":{"self":[{"href":"http:\/\/hamusic.nl\/index.php?rest_route=\/wp\/v2\/pages\/102","targetHints":{"allow":["GET"]}}],"collection":[{"href":"http:\/\/hamusic.nl\/index.php?rest_route=\/wp\/v2\/pages"}],"about":[{"href":"http:\/\/hamusic.nl\/index.php?rest_route=\/wp\/v2\/types\/page"}],"author":[{"embeddable":true,"href":"http:\/\/hamusic.nl\/index.php?rest_route=\/wp\/v2\/users\/1"}],"replies":[{"embeddable":true,"href":"http:\/\/hamusic.nl\/index.php?rest_route=%2Fwp%2Fv2%2Fcomments&post=102"}],"version-history":[{"count":45,"href":"http:\/\/hamusic.nl\/index.php?rest_route=\/wp\/v2\/pages\/102\/revisions"}],"predecessor-version":[{"id":2240,"href":"http:\/\/hamusic.nl\/index.php?rest_route=\/wp\/v2\/pages\/102\/revisions\/2240"}],"wp:attachment":[{"href":"http:\/\/hamusic.nl\/index.php?rest_route=%2Fwp%2Fv2%2Fmedia&parent=102"}],"curies":[{"name":"wp","href":"https:\/\/api.w.org\/{rel}","templated":true}]}}